{"id":967,"date":"2024-06-05T13:02:55","date_gmt":"2024-06-05T13:02:55","guid":{"rendered":"https:\/\/hirataxi.ch\/?page_id=967"},"modified":"2024-06-05T13:02:57","modified_gmt":"2024-06-05T13:02:57","slug":"taxi-niedergosgen","status":"publish","type":"page","link":"https:\/\/hirataxi.ch\/?page_id=967","title":{"rendered":"Taxi Niederg\u00f6sgen"},"content":{"rendered":"\t\t<div data-elementor-type=\"wp-page\" data-elementor-id=\"967\" class=\"elementor elementor-967\">\n\t\t\t\t\t\t<section class=\"elementor-section elementor-top-section elementor-element elementor-element-5875fda elementor-section-boxed elementor-section-height-default elementor-section-height-default\" data-id=\"5875fda\" data-element_type=\"section\">\n\t\t\t\t\t\t<div class=\"elementor-container elementor-column-gap-default\">\n\t\t\t\t\t<div class=\"elementor-column elementor-col-100 elementor-top-column elementor-element elementor-element-f7f5b4d\" data-id=\"f7f5b4d\" data-element_type=\"column\">\n\t\t\t<div class=\"elementor-widget-wrap elementor-element-populated\">\n\t\t\t\t\t\t<div class=\"elementor-element elementor-element-d27e17b elementor-widget elementor-widget-heading\" data-id=\"d27e17b\" data-element_type=\"widget\" data-widget_type=\"heading.default\">\n\t\t\t\t<div class=\"elementor-widget-container\">\n\t\t\t\t\t<h2 class=\"elementor-heading-title elementor-size-default\">Hira Taxi Niederg\u00f6sgen<\/h2>\t\t\t\t<\/div>\n\t\t\t\t<\/div>\n\t\t\t\t<div class=\"elementor-element elementor-element-bc71d78 elementor-widget elementor-widget-text-editor\" data-id=\"bc71d78\" data-element_type=\"widget\" data-widget_type=\"text-editor.default\">\n\t\t\t\t<div class=\"elementor-widget-container\">\n\t\t\t\t\t\t\t\t\t<p>Ihr <strong>Taxi in Niederg\u00f6sgen!<\/strong> Jetzt HiRA TAXi bequem und zuverl\u00e4ssig bestellen. Profitieren Sie von einem sicheren und komfortablen Transport zu Ihrem Zielort.\u00a0<\/p><p>Erfahrene Chauffeure. Ihr Niederg\u00f6sgen Taxi ist f\u00fcr Sie 24 \/ 7 da.\u00a0 Was wir auch noch anbieten: Niederg\u00f6sgen Dialysefahrten, Niederg\u00f6sgen Pakettransfer, Niederg\u00f6sgen Patiententransport, Niederg\u00f6sgen Restaurant, Niederg\u00f6sgen Essen, Niederg\u00f6sgen Tiertransport, Niederg\u00f6sgen Sch\u00fclertransport, Niederg\u00f6sgen Altersheim,\u00a0 Niederg\u00f6sgen Patiententransport, Niederg\u00f6sgen Kurierdienste, Niederg\u00f6sgen Paketdienste, Niederg\u00f6sgen Uber Taxi, Niederg\u00f6sgen Einkaufsfahrten, Niederg\u00f6sgen Flughafentransfer, Niederg\u00f6sgen Fahrten in Region oder Fernfahrten, Niederg\u00f6sgen Bef\u00f6rderung hilfsbed\u00fcrftiger Personen, Niederg\u00f6sgen Vorbestellung, Niederg\u00f6sgen Bahnhoftaxi, Niederg\u00f6sgen Bahnhof, Niederg\u00f6sgen Expresskurier,\u00a0<\/p><p>\u00a0<\/p>\t\t\t\t\t\t\t\t<\/div>\n\t\t\t\t<\/div>\n\t\t\t\t\t<\/div>\n\t\t<\/div>\n\t\t\t\t\t<\/div>\n\t\t<\/section>\n\t\t\t\t<section class=\"elementor-section elementor-top-section elementor-element elementor-element-f595334 elementor-section-boxed elementor-section-height-default elementor-section-height-default\" data-id=\"f595334\" data-element_type=\"section\">\n\t\t\t\t\t\t<div class=\"elementor-container elementor-column-gap-default\">\n\t\t\t\t\t<div class=\"elementor-column elementor-col-100 elementor-top-column elementor-element elementor-element-0c7fd48\" data-id=\"0c7fd48\" data-element_type=\"column\">\n\t\t\t<div class=\"elementor-widget-wrap elementor-element-populated\">\n\t\t\t\t\t\t<div class=\"elementor-element elementor-element-22c8855 elementor-widget elementor-widget-text-editor\" data-id=\"22c8855\" data-element_type=\"widget\" data-widget_type=\"text-editor.default\">\n\t\t\t\t<div class=\"elementor-widget-container\">\n\t\t\t\t\t\t\t\t\t<p>#TaxiNiederg\u00f6sgen, #Niederg\u00f6sgen,\u00a0<span style=\"font-weight: var( --e-global-typography-text-font-weight );\">#Schlossgartentaxi,\u00a0<\/span><span style=\"font-weight: var( --e-global-typography-text-font-weight );\">#Taxischlossgarten, #Taxischlossfalkenstein, #Mehrzweckhalleniederg\u00f6sgen<\/span><\/p>\t\t\t\t\t\t\t\t<\/div>\n\t\t\t\t<\/div>\n\t\t\t\t\t<\/div>\n\t\t<\/div>\n\t\t\t\t\t<\/div>\n\t\t<\/section>\n\t\t\t\t<section class=\"elementor-section elementor-top-section elementor-element elementor-element-e801260 elementor-section-boxed elementor-section-height-default elementor-section-height-default\" data-id=\"e801260\" data-element_type=\"section\">\n\t\t\t\t\t\t<div class=\"elementor-container elementor-column-gap-default\">\n\t\t\t\t\t<div class=\"elementor-column elementor-col-100 elementor-top-column elementor-element elementor-element-60fa375\" data-id=\"60fa375\" data-element_type=\"column\">\n\t\t\t<div class=\"elementor-widget-wrap elementor-element-populated\">\n\t\t\t\t\t\t<div class=\"elementor-element elementor-element-42e0a7f elementor-widget elementor-widget-text-editor\" data-id=\"42e0a7f\" data-element_type=\"widget\" data-widget_type=\"text-editor.default\">\n\t\t\t\t<div class=\"elementor-widget-container\">\n\t\t\t\t\t\t\t\t\t<p>Taxi Niederg\u00f6sgen,\u00a0<\/p>\t\t\t\t\t\t\t\t<\/div>\n\t\t\t\t<\/div>\n\t\t\t\t\t<\/div>\n\t\t<\/div>\n\t\t\t\t\t<\/div>\n\t\t<\/section>\n\t\t\t\t<\/div>\n\t\t","protected":false},"excerpt":{"rendered":"<p>Hira Taxi Niederg\u00f6sgen Ihr Taxi in Niederg\u00f6sgen! Jetzt HiRA TAXi bequem und zuverl\u00e4ssig bestellen. Profitieren Sie von einem sicheren und komfortablen Transport zu Ihrem Zielort.\u00a0 Erfahrene Chauffeure. Ihr Niederg\u00f6sgen Taxi ist f\u00fcr Sie 24 \/ 7 da.\u00a0 Was wir auch noch anbieten: Niederg\u00f6sgen Dialysefahrten, Niederg\u00f6sgen Pakettransfer, Niederg\u00f6sgen Patiententransport, Niederg\u00f6sgen Restaurant, Niederg\u00f6sgen Essen, Niederg\u00f6sgen Tiertransport, Niederg\u00f6sgen [&hellip;]<\/p>\n","protected":false},"author":1,"featured_media":0,"parent":0,"menu_order":0,"comment_status":"closed","ping_status":"closed","template":"","meta":{"footnotes":"","_joinchat":[]},"yoast_head":"<!-- This site is optimized with the Yoast SEO plugin v23.5 - https:\/\/yoast.com\/wordpress\/plugins\/seo\/ -->\n<title>Taxi Niederg\u00f6sgen - Ihr Taxi-Unternehmen - Standort Aarau und Olten<\/title>\n<meta name=\"robots\" content=\"index, follow, max-snippet:-1, max-image-preview:large, max-video-preview:-1\" \/>\n<link rel=\"canonical\" href=\"https:\/\/hirataxi.ch\/?page_id=967\" \/>\n<meta property=\"og:locale\" content=\"tr_TR\" \/>\n<meta property=\"og:type\" content=\"article\" \/>\n<meta property=\"og:title\" content=\"Taxi Niederg\u00f6sgen - Ihr Taxi-Unternehmen - Standort Aarau und Olten\" \/>\n<meta property=\"og:description\" content=\"Hira Taxi Niederg\u00f6sgen Ihr Taxi in Niederg\u00f6sgen! Jetzt HiRA TAXi bequem und zuverl\u00e4ssig bestellen. Profitieren Sie von einem sicheren und komfortablen Transport zu Ihrem Zielort.\u00a0 Erfahrene Chauffeure. Ihr Niederg\u00f6sgen Taxi ist f\u00fcr Sie 24 \/ 7 da.\u00a0 Was wir auch noch anbieten: Niederg\u00f6sgen Dialysefahrten, Niederg\u00f6sgen Pakettransfer, Niederg\u00f6sgen Patiententransport, Niederg\u00f6sgen Restaurant, Niederg\u00f6sgen Essen, Niederg\u00f6sgen Tiertransport, Niederg\u00f6sgen [&hellip;]\" \/>\n<meta property=\"og:url\" content=\"https:\/\/hirataxi.ch\/?page_id=967\" \/>\n<meta property=\"og:site_name\" content=\"Ihr Taxi-Unternehmen - Standort Aarau und Olten\" \/>\n<meta property=\"article:modified_time\" content=\"2024-06-05T13:02:57+00:00\" \/>\n<meta name=\"twitter:card\" content=\"summary_large_image\" \/>\n<meta name=\"twitter:label1\" content=\"Tahmini okuma s\u00fcresi\" \/>\n\t<meta name=\"twitter:data1\" content=\"1 dakika\" \/>\n<script type=\"application\/ld+json\" class=\"yoast-schema-graph\">{\"@context\":\"https:\/\/schema.org\",\"@graph\":[{\"@type\":\"WebPage\",\"@id\":\"https:\/\/hirataxi.ch\/?page_id=967\",\"url\":\"https:\/\/hirataxi.ch\/?page_id=967\",\"name\":\"Taxi Niederg\u00f6sgen - Ihr Taxi-Unternehmen - Standort Aarau und Olten\",\"isPartOf\":{\"@id\":\"https:\/\/hirataxi.ch\/#website\"},\"datePublished\":\"2024-06-05T13:02:55+00:00\",\"dateModified\":\"2024-06-05T13:02:57+00:00\",\"breadcrumb\":{\"@id\":\"https:\/\/hirataxi.ch\/?page_id=967#breadcrumb\"},\"inLanguage\":\"tr\",\"potentialAction\":[{\"@type\":\"ReadAction\",\"target\":[\"https:\/\/hirataxi.ch\/?page_id=967\"]}]},{\"@type\":\"BreadcrumbList\",\"@id\":\"https:\/\/hirataxi.ch\/?page_id=967#breadcrumb\",\"itemListElement\":[{\"@type\":\"ListItem\",\"position\":1,\"name\":\"Anasayfa\",\"item\":\"https:\/\/hirataxi.ch\/\"},{\"@type\":\"ListItem\",\"position\":2,\"name\":\"Taxi Niederg\u00f6sgen\"}]},{\"@type\":\"WebSite\",\"@id\":\"https:\/\/hirataxi.ch\/#website\",\"url\":\"https:\/\/hirataxi.ch\/\",\"name\":\"Ihr Taxi-Unternehmen - Standort Aarau und Olten\",\"description\":\"Hira Taxi Aarau schnell, zuverl&auml;ssig und professionell bringen wir Sie an Ihr Ziel. Nebst unserem 24h\/7 Taxidienst &uuml;bernehmen wir gerne auch Kurierfahrten f&uuml;r Sie.\",\"publisher\":{\"@id\":\"https:\/\/hirataxi.ch\/#organization\"},\"potentialAction\":[{\"@type\":\"SearchAction\",\"target\":{\"@type\":\"EntryPoint\",\"urlTemplate\":\"https:\/\/hirataxi.ch\/?s={search_term_string}\"},\"query-input\":{\"@type\":\"PropertyValueSpecification\",\"valueRequired\":true,\"valueName\":\"search_term_string\"}}],\"inLanguage\":\"tr\"},{\"@type\":\"Organization\",\"@id\":\"https:\/\/hirataxi.ch\/#organization\",\"name\":\"Ihr Taxi-Unternehmen - Standort Aarau und Olten\",\"url\":\"https:\/\/hirataxi.ch\/\",\"logo\":{\"@type\":\"ImageObject\",\"inLanguage\":\"tr\",\"@id\":\"https:\/\/hirataxi.ch\/#\/schema\/logo\/image\/\",\"url\":\"https:\/\/hirataxi.ch\/wp-content\/uploads\/2021\/03\/logo-ufakhira.png\",\"contentUrl\":\"https:\/\/hirataxi.ch\/wp-content\/uploads\/2021\/03\/logo-ufakhira.png\",\"width\":162,\"height\":46,\"caption\":\"Ihr Taxi-Unternehmen - Standort Aarau und Olten\"},\"image\":{\"@id\":\"https:\/\/hirataxi.ch\/#\/schema\/logo\/image\/\"}}]}<\/script>\n<!-- \/ Yoast SEO plugin. -->","yoast_head_json":{"title":"Taxi Niederg\u00f6sgen - Ihr Taxi-Unternehmen - Standort Aarau und Olten","robots":{"index":"index","follow":"follow","max-snippet":"max-snippet:-1","max-image-preview":"max-image-preview:large","max-video-preview":"max-video-preview:-1"},"canonical":"https:\/\/hirataxi.ch\/?page_id=967","og_locale":"tr_TR","og_type":"article","og_title":"Taxi Niederg\u00f6sgen - Ihr Taxi-Unternehmen - Standort Aarau und Olten","og_description":"Hira Taxi Niederg\u00f6sgen Ihr Taxi in Niederg\u00f6sgen! Jetzt HiRA TAXi bequem und zuverl\u00e4ssig bestellen. Profitieren Sie von einem sicheren und komfortablen Transport zu Ihrem Zielort.\u00a0 Erfahrene Chauffeure. Ihr Niederg\u00f6sgen Taxi ist f\u00fcr Sie 24 \/ 7 da.\u00a0 Was wir auch noch anbieten: Niederg\u00f6sgen Dialysefahrten, Niederg\u00f6sgen Pakettransfer, Niederg\u00f6sgen Patiententransport, Niederg\u00f6sgen Restaurant, Niederg\u00f6sgen Essen, Niederg\u00f6sgen Tiertransport, Niederg\u00f6sgen [&hellip;]","og_url":"https:\/\/hirataxi.ch\/?page_id=967","og_site_name":"Ihr Taxi-Unternehmen - Standort Aarau und Olten","article_modified_time":"2024-06-05T13:02:57+00:00","twitter_card":"summary_large_image","twitter_misc":{"Tahmini okuma s\u00fcresi":"1 dakika"},"schema":{"@context":"https:\/\/schema.org","@graph":[{"@type":"WebPage","@id":"https:\/\/hirataxi.ch\/?page_id=967","url":"https:\/\/hirataxi.ch\/?page_id=967","name":"Taxi Niederg\u00f6sgen - Ihr Taxi-Unternehmen - Standort Aarau und Olten","isPartOf":{"@id":"https:\/\/hirataxi.ch\/#website"},"datePublished":"2024-06-05T13:02:55+00:00","dateModified":"2024-06-05T13:02:57+00:00","breadcrumb":{"@id":"https:\/\/hirataxi.ch\/?page_id=967#breadcrumb"},"inLanguage":"tr","potentialAction":[{"@type":"ReadAction","target":["https:\/\/hirataxi.ch\/?page_id=967"]}]},{"@type":"BreadcrumbList","@id":"https:\/\/hirataxi.ch\/?page_id=967#breadcrumb","itemListElement":[{"@type":"ListItem","position":1,"name":"Anasayfa","item":"https:\/\/hirataxi.ch\/"},{"@type":"ListItem","position":2,"name":"Taxi Niederg\u00f6sgen"}]},{"@type":"WebSite","@id":"https:\/\/hirataxi.ch\/#website","url":"https:\/\/hirataxi.ch\/","name":"Ihr Taxi-Unternehmen - Standort Aarau und Olten","description":"Hira Taxi Aarau schnell, zuverl&auml;ssig und professionell bringen wir Sie an Ihr Ziel. Nebst unserem 24h\/7 Taxidienst &uuml;bernehmen wir gerne auch Kurierfahrten f&uuml;r Sie.","publisher":{"@id":"https:\/\/hirataxi.ch\/#organization"},"potentialAction":[{"@type":"SearchAction","target":{"@type":"EntryPoint","urlTemplate":"https:\/\/hirataxi.ch\/?s={search_term_string}"},"query-input":{"@type":"PropertyValueSpecification","valueRequired":true,"valueName":"search_term_string"}}],"inLanguage":"tr"},{"@type":"Organization","@id":"https:\/\/hirataxi.ch\/#organization","name":"Ihr Taxi-Unternehmen - Standort Aarau und Olten","url":"https:\/\/hirataxi.ch\/","logo":{"@type":"ImageObject","inLanguage":"tr","@id":"https:\/\/hirataxi.ch\/#\/schema\/logo\/image\/","url":"https:\/\/hirataxi.ch\/wp-content\/uploads\/2021\/03\/logo-ufakhira.png","contentUrl":"https:\/\/hirataxi.ch\/wp-content\/uploads\/2021\/03\/logo-ufakhira.png","width":162,"height":46,"caption":"Ihr Taxi-Unternehmen - Standort Aarau und Olten"},"image":{"@id":"https:\/\/hirataxi.ch\/#\/schema\/logo\/image\/"}}]}},"_links":{"self":[{"href":"https:\/\/hirataxi.ch\/index.php?rest_route=\/wp\/v2\/pages\/967"}],"collection":[{"href":"https:\/\/hirataxi.ch\/index.php?rest_route=\/wp\/v2\/pages"}],"about":[{"href":"https:\/\/hirataxi.ch\/index.php?rest_route=\/wp\/v2\/types\/page"}],"author":[{"embeddable":true,"href":"https:\/\/hirataxi.ch\/index.php?rest_route=\/wp\/v2\/users\/1"}],"replies":[{"embeddable":true,"href":"https:\/\/hirataxi.ch\/index.php?rest_route=%2Fwp%2Fv2%2Fcomments&post=967"}],"version-history":[{"count":1,"href":"https:\/\/hirataxi.ch\/index.php?rest_route=\/wp\/v2\/pages\/967\/revisions"}],"predecessor-version":[{"id":972,"href":"https:\/\/hirataxi.ch\/index.php?rest_route=\/wp\/v2\/pages\/967\/revisions\/972"}],"wp:attachment":[{"href":"https:\/\/hirataxi.ch\/index.php?rest_route=%2Fwp%2Fv2%2Fmedia&parent=967"}],"curies":[{"name":"wp","href":"https:\/\/api.w.org\/{rel}","templated":true}]}}