{"id":236,"date":"2020-04-11T08:07:28","date_gmt":"2020-04-11T08:07:28","guid":{"rendered":"https:\/\/old3.commonsupport.com\/wp\/conexi\/?page_id=236"},"modified":"2024-06-10T09:56:53","modified_gmt":"2024-06-10T09:56:53","slug":"transport","status":"publish","type":"page","link":"https:\/\/hirataxi.ch\/?page_id=236","title":{"rendered":"Transport"},"content":{"rendered":"\t\t<div data-elementor-type=\"wp-page\" data-elementor-id=\"236\" class=\"elementor elementor-236\">\n\t\t\t\t\t\t<section class=\"elementor-section elementor-top-section elementor-element elementor-element-b0dd5ff elementor-section-boxed elementor-section-height-default elementor-section-height-default\" data-id=\"b0dd5ff\" data-element_type=\"section\">\n\t\t\t\t\t\t<div class=\"elementor-container elementor-column-gap-default\">\n\t\t\t\t\t<div class=\"elementor-column elementor-col-100 elementor-top-column elementor-element elementor-element-6986654\" data-id=\"6986654\" data-element_type=\"column\">\n\t\t\t<div class=\"elementor-widget-wrap elementor-element-populated\">\n\t\t\t\t\t\t<div class=\"elementor-element elementor-element-59b9b9b elementor-widget elementor-widget-heading\" data-id=\"59b9b9b\" data-element_type=\"widget\" data-widget_type=\"heading.default\">\n\t\t\t\t<div class=\"elementor-widget-container\">\n\t\t\t\t\t<h2 class=\"elementor-heading-title elementor-size-default\">Wir freuen uns, von Ihnen zu h\u00f6ren!<\/h2>\t\t\t\t<\/div>\n\t\t\t\t<\/div>\n\t\t\t\t<div class=\"elementor-element elementor-element-d9f4ff7 elementor-widget elementor-widget-text-editor\" data-id=\"d9f4ff7\" data-element_type=\"widget\" data-widget_type=\"text-editor.default\">\n\t\t\t\t<div class=\"elementor-widget-container\">\n\t\t\t\t\t\t\t\t\t<p><span style=\"color: #000000;\">Wir von HiRA TAXi bieten hochwertigen gesch\u00e4ftlichen und privaten Transportservice \u2013 von Flughafentransfer \u00fcber Spitaltransfer bis zu Bahnhofstransfer \u2013, im gesamten Raum&nbsp;<\/span><a href=\"https:\/\/hirataxi.ch\/?page_id=988\" target=\"_blank\" rel=\"noopener\">Aarau<\/a><span style=\"color: #000000;\">,&nbsp;<\/span><a href=\"https:\/\/hirataxi.ch\/?page_id=932\" target=\"_blank\" rel=\"noopener\">Oberentfelden<\/a><span style=\"color: #000000;\">,&nbsp;<\/span><a href=\"https:\/\/hirataxi.ch\/?page_id=937\" target=\"_blank\" rel=\"noopener\">Sch\u00f6nenwerd<\/a><span style=\"color: #000000;\">,&nbsp;<\/span><\/p>\n<p><a href=\"https:\/\/hirataxi.ch\/?page_id=942\" target=\"_blank\" rel=\"noopener\">Erlinsbach<\/a><span style=\"color: #000000;\">,&nbsp;<\/span><a href=\"https:\/\/hirataxi.ch\/?page_id=947\" target=\"_blank\" rel=\"noopener\">St\u00fcsslingen<\/a><span style=\"color: #000000;\">,&nbsp;<\/span><a href=\"https:\/\/hirataxi.ch\/?page_id=952\" target=\"_blank\" rel=\"noopener\">Lostorf<\/a><span style=\"color: #000000;\">,<\/span><\/p>\n<p><span style=\"color: #000000;\">&nbsp;<\/span><a href=\"https:\/\/hirataxi.ch\/?page_id=967\" target=\"_blank\" rel=\"noopener\">Niederg\u00f6sgen<\/a><span style=\"color: #000000;\">,&nbsp;<\/span><a href=\"https:\/\/hirataxi.ch\/?page_id=957\" target=\"_blank\" rel=\"noopener\">Oberg\u00f6sgen<\/a><span style=\"color: #000000;\">,&nbsp;<\/span><a href=\"https:\/\/hirataxi.ch\/?page_id=962\" target=\"_blank\" rel=\"noopener\">D\u00e4niken<\/a><span style=\"color: #000000;\">,&nbsp;<\/span><a href=\"https:\/\/hirataxi.ch\/?page_id=918\" target=\"_blank\" rel=\"noopener\">Dulliken<\/a><span style=\"color: #000000;\">,<\/span><\/p>\n<p><span style=\"color: #000000;\">&nbsp;<\/span><a href=\"https:\/\/hirataxi.ch\/?page_id=973\" target=\"_blank\" rel=\"noopener\">K\u00f6lliken<\/a><span style=\"color: #000000;\">,&nbsp;<\/span><a href=\"https:\/\/hirataxi.ch\/?page_id=978\" target=\"_blank\" rel=\"noopener\" style=\"font-weight: var( --e-global-typography-text-font-weight ); background-color: rgb(255, 255, 255);\">Gretzenbach&nbsp;<\/a><span style=\"font-weight: var( --e-global-typography-text-font-weight ); color: rgb(0, 0, 0);\">,&nbsp;<\/span><a href=\"https:\/\/hirataxi.ch\/?page_id=983\" target=\"_blank\" rel=\"noopener\" style=\"font-weight: var( --e-global-typography-text-font-weight ); background-color: rgb(255, 255, 255);\">Olten&nbsp;<\/a><span style=\"font-weight: var( --e-global-typography-text-font-weight ); color: rgb(0, 0, 0);\">,usw&#8230; zu erschwinglichen Preisen an.<\/span><\/p>\n<p><span style=\"color: #000000;\">Denn heutzutage ist Zeit Geld.<\/span><br><span style=\"color: #000000;\">Deshalb versprechen wir Ihnen, Sie stets sicher an Ihr Ziel zu bringen.<\/span><\/p>\n<p><span style=\"color: #000000;\">HiRA TAXi bietet seit 2014 erstklassigen Transportservice<\/span><br><span style=\"color: #000000;\">in der ganzen Region an.<\/span><\/p>\t\t\t\t\t\t\t\t<\/div>\n\t\t\t\t<\/div>\n\t\t\t\t<div class=\"elementor-element elementor-element-5b12d09 elementor-widget elementor-widget-heading\" data-id=\"5b12d09\" data-element_type=\"widget\" data-widget_type=\"heading.default\">\n\t\t\t\t<div class=\"elementor-widget-container\">\n\t\t\t\t\t<h2 class=\"elementor-heading-title elementor-size-default\">Taxi Hira <\/h2>\t\t\t\t<\/div>\n\t\t\t\t<\/div>\n\t\t\t\t<div class=\"elementor-element elementor-element-8d4abcb elementor-widget elementor-widget-text-editor\" data-id=\"8d4abcb\" data-element_type=\"widget\" data-widget_type=\"text-editor.default\">\n\t\t\t\t<div class=\"elementor-widget-container\">\n\t\t\t\t\t\t\t\t\t<p>Jetzt HiRA TAXi bequem und zuverl\u00e4ssig bestellen. Profitieren Sie von einem sicheren und komfortablen Transport zu Ihrem Zielort.<\/p>\t\t\t\t\t\t\t\t<\/div>\n\t\t\t\t<\/div>\n\t\t\t\t\t<\/div>\n\t\t<\/div>\n\t\t\t\t\t<\/div>\n\t\t<\/section>\n\t\t\t\t<section class=\"elementor-section elementor-top-section elementor-element elementor-element-39979eb1 elementor-section-stretched elementor-section-full_width elementor-section-height-default elementor-section-height-default\" data-id=\"39979eb1\" data-element_type=\"section\" data-settings=\"{&quot;stretch_section&quot;:&quot;section-stretched&quot;}\">\n\t\t\t\t\t\t<div class=\"elementor-container elementor-column-gap-no\">\n\t\t\t\t\t<div class=\"elementor-column elementor-col-100 elementor-top-column elementor-element elementor-element-64d5fe21\" data-id=\"64d5fe21\" data-element_type=\"column\">\n\t\t\t<div class=\"elementor-widget-wrap elementor-element-populated\">\n\t\t\t\t\t\t<div class=\"elementor-element elementor-element-73d63357 elementor-widget elementor-widget-conexi_cta2\" data-id=\"73d63357\" data-element_type=\"widget\" data-widget_type=\"conexi_cta2.default\">\n\t\t\t\t<div class=\"elementor-widget-container\">\n\t\t\t\t\t\t\t\n\t\t\n        <section class=\"cta-style-one text-center \">\n            <div class=\"container\">\n                <p>Wir sind 24\/7 f\u00fcr Sie da!\n\n<\/p>\n                <h3>Rufen Sie uns an!\n<\/h3>\n                <a href=\"https:\/\/api.whatsapp.com\/send?phone=41765772633\" class=\"cta-btn\">Jetzt Taxi bestellen<\/a>\n            <\/div><!-- \/.container -->\n        <\/section><!-- \/.cta-style-one -->\n                   \n                \n\t\t\t\t\t\t<\/div>\n\t\t\t\t<\/div>\n\t\t\t\t\t<\/div>\n\t\t<\/div>\n\t\t\t\t\t<\/div>\n\t\t<\/section>\n\t\t\t\t<\/div>\n\t\t","protected":false},"excerpt":{"rendered":"<p>Wir freuen uns, von Ihnen zu h\u00f6ren! Wir von HiRA TAXi bieten hochwertigen gesch\u00e4ftlichen und privaten Transportservice \u2013 von Flughafentransfer \u00fcber Spitaltransfer bis zu Bahnhofstransfer \u2013, im gesamten Raum&nbsp;Aarau,&nbsp;Oberentfelden,&nbsp;Sch\u00f6nenwerd,&nbsp; Erlinsbach,&nbsp;St\u00fcsslingen,&nbsp;Lostorf, &nbsp;Niederg\u00f6sgen,&nbsp;Oberg\u00f6sgen,&nbsp;D\u00e4niken,&nbsp;Dulliken, &nbsp;K\u00f6lliken,&nbsp;Gretzenbach&nbsp;,&nbsp;Olten&nbsp;,usw&#8230; zu erschwinglichen Preisen an. Denn heutzutage ist Zeit Geld.Deshalb versprechen wir Ihnen, Sie stets sicher an Ihr Ziel zu bringen. HiRA TAXi bietet [&hellip;]<\/p>\n","protected":false},"author":1,"featured_media":0,"parent":0,"menu_order":0,"comment_status":"closed","ping_status":"closed","template":"tpl-default-elementor.php","meta":{"footnotes":"","_joinchat":[]},"yoast_head":"<!-- This site is optimized with the Yoast SEO plugin v23.5 - https:\/\/yoast.com\/wordpress\/plugins\/seo\/ -->\n<title>Transport - Ihr Taxi-Unternehmen - Standort Aarau und Olten<\/title>\n<meta name=\"robots\" content=\"index, follow, max-snippet:-1, max-image-preview:large, max-video-preview:-1\" \/>\n<link rel=\"canonical\" href=\"https:\/\/hirataxi.ch\/?page_id=236\" \/>\n<meta property=\"og:locale\" content=\"tr_TR\" \/>\n<meta property=\"og:type\" content=\"article\" \/>\n<meta property=\"og:title\" content=\"Transport - Ihr Taxi-Unternehmen - Standort Aarau und Olten\" \/>\n<meta property=\"og:description\" content=\"Wir freuen uns, von Ihnen zu h\u00f6ren! Wir von HiRA TAXi bieten hochwertigen gesch\u00e4ftlichen und privaten Transportservice \u2013 von Flughafentransfer \u00fcber Spitaltransfer bis zu Bahnhofstransfer \u2013, im gesamten Raum&nbsp;Aarau,&nbsp;Oberentfelden,&nbsp;Sch\u00f6nenwerd,&nbsp; Erlinsbach,&nbsp;St\u00fcsslingen,&nbsp;Lostorf, &nbsp;Niederg\u00f6sgen,&nbsp;Oberg\u00f6sgen,&nbsp;D\u00e4niken,&nbsp;Dulliken, &nbsp;K\u00f6lliken,&nbsp;Gretzenbach&nbsp;,&nbsp;Olten&nbsp;,usw&#8230; zu erschwinglichen Preisen an. Denn heutzutage ist Zeit Geld.Deshalb versprechen wir Ihnen, Sie stets sicher an Ihr Ziel zu bringen. HiRA TAXi bietet [&hellip;]\" \/>\n<meta property=\"og:url\" content=\"https:\/\/hirataxi.ch\/?page_id=236\" \/>\n<meta property=\"og:site_name\" content=\"Ihr Taxi-Unternehmen - Standort Aarau und Olten\" \/>\n<meta property=\"article:modified_time\" content=\"2024-06-10T09:56:53+00:00\" \/>\n<meta name=\"twitter:card\" content=\"summary_large_image\" \/>\n<meta name=\"twitter:label1\" content=\"Tahmini okuma s\u00fcresi\" \/>\n\t<meta name=\"twitter:data1\" content=\"1 dakika\" \/>\n<script type=\"application\/ld+json\" class=\"yoast-schema-graph\">{\"@context\":\"https:\/\/schema.org\",\"@graph\":[{\"@type\":\"WebPage\",\"@id\":\"https:\/\/hirataxi.ch\/?page_id=236\",\"url\":\"https:\/\/hirataxi.ch\/?page_id=236\",\"name\":\"Transport - Ihr Taxi-Unternehmen - Standort Aarau und Olten\",\"isPartOf\":{\"@id\":\"https:\/\/hirataxi.ch\/#website\"},\"datePublished\":\"2020-04-11T08:07:28+00:00\",\"dateModified\":\"2024-06-10T09:56:53+00:00\",\"breadcrumb\":{\"@id\":\"https:\/\/hirataxi.ch\/?page_id=236#breadcrumb\"},\"inLanguage\":\"tr\",\"potentialAction\":[{\"@type\":\"ReadAction\",\"target\":[\"https:\/\/hirataxi.ch\/?page_id=236\"]}]},{\"@type\":\"BreadcrumbList\",\"@id\":\"https:\/\/hirataxi.ch\/?page_id=236#breadcrumb\",\"itemListElement\":[{\"@type\":\"ListItem\",\"position\":1,\"name\":\"Anasayfa\",\"item\":\"https:\/\/hirataxi.ch\/\"},{\"@type\":\"ListItem\",\"position\":2,\"name\":\"Transport\"}]},{\"@type\":\"WebSite\",\"@id\":\"https:\/\/hirataxi.ch\/#website\",\"url\":\"https:\/\/hirataxi.ch\/\",\"name\":\"Ihr Taxi-Unternehmen - Standort Aarau und Olten\",\"description\":\"Hira Taxi Aarau schnell, zuverl&auml;ssig und professionell bringen wir Sie an Ihr Ziel. Nebst unserem 24h\/7 Taxidienst &uuml;bernehmen wir gerne auch Kurierfahrten f&uuml;r Sie.\",\"publisher\":{\"@id\":\"https:\/\/hirataxi.ch\/#organization\"},\"potentialAction\":[{\"@type\":\"SearchAction\",\"target\":{\"@type\":\"EntryPoint\",\"urlTemplate\":\"https:\/\/hirataxi.ch\/?s={search_term_string}\"},\"query-input\":{\"@type\":\"PropertyValueSpecification\",\"valueRequired\":true,\"valueName\":\"search_term_string\"}}],\"inLanguage\":\"tr\"},{\"@type\":\"Organization\",\"@id\":\"https:\/\/hirataxi.ch\/#organization\",\"name\":\"Ihr Taxi-Unternehmen - Standort Aarau und Olten\",\"url\":\"https:\/\/hirataxi.ch\/\",\"logo\":{\"@type\":\"ImageObject\",\"inLanguage\":\"tr\",\"@id\":\"https:\/\/hirataxi.ch\/#\/schema\/logo\/image\/\",\"url\":\"https:\/\/hirataxi.ch\/wp-content\/uploads\/2021\/03\/logo-ufakhira.png\",\"contentUrl\":\"https:\/\/hirataxi.ch\/wp-content\/uploads\/2021\/03\/logo-ufakhira.png\",\"width\":162,\"height\":46,\"caption\":\"Ihr Taxi-Unternehmen - Standort Aarau und Olten\"},\"image\":{\"@id\":\"https:\/\/hirataxi.ch\/#\/schema\/logo\/image\/\"}}]}<\/script>\n<!-- \/ Yoast SEO plugin. -->","yoast_head_json":{"title":"Transport - Ihr Taxi-Unternehmen - Standort Aarau und Olten","robots":{"index":"index","follow":"follow","max-snippet":"max-snippet:-1","max-image-preview":"max-image-preview:large","max-video-preview":"max-video-preview:-1"},"canonical":"https:\/\/hirataxi.ch\/?page_id=236","og_locale":"tr_TR","og_type":"article","og_title":"Transport - Ihr Taxi-Unternehmen - Standort Aarau und Olten","og_description":"Wir freuen uns, von Ihnen zu h\u00f6ren! Wir von HiRA TAXi bieten hochwertigen gesch\u00e4ftlichen und privaten Transportservice \u2013 von Flughafentransfer \u00fcber Spitaltransfer bis zu Bahnhofstransfer \u2013, im gesamten Raum&nbsp;Aarau,&nbsp;Oberentfelden,&nbsp;Sch\u00f6nenwerd,&nbsp; Erlinsbach,&nbsp;St\u00fcsslingen,&nbsp;Lostorf, &nbsp;Niederg\u00f6sgen,&nbsp;Oberg\u00f6sgen,&nbsp;D\u00e4niken,&nbsp;Dulliken, &nbsp;K\u00f6lliken,&nbsp;Gretzenbach&nbsp;,&nbsp;Olten&nbsp;,usw&#8230; zu erschwinglichen Preisen an. Denn heutzutage ist Zeit Geld.Deshalb versprechen wir Ihnen, Sie stets sicher an Ihr Ziel zu bringen. HiRA TAXi bietet [&hellip;]","og_url":"https:\/\/hirataxi.ch\/?page_id=236","og_site_name":"Ihr Taxi-Unternehmen - Standort Aarau und Olten","article_modified_time":"2024-06-10T09:56:53+00:00","twitter_card":"summary_large_image","twitter_misc":{"Tahmini okuma s\u00fcresi":"1 dakika"},"schema":{"@context":"https:\/\/schema.org","@graph":[{"@type":"WebPage","@id":"https:\/\/hirataxi.ch\/?page_id=236","url":"https:\/\/hirataxi.ch\/?page_id=236","name":"Transport - Ihr Taxi-Unternehmen - Standort Aarau und Olten","isPartOf":{"@id":"https:\/\/hirataxi.ch\/#website"},"datePublished":"2020-04-11T08:07:28+00:00","dateModified":"2024-06-10T09:56:53+00:00","breadcrumb":{"@id":"https:\/\/hirataxi.ch\/?page_id=236#breadcrumb"},"inLanguage":"tr","potentialAction":[{"@type":"ReadAction","target":["https:\/\/hirataxi.ch\/?page_id=236"]}]},{"@type":"BreadcrumbList","@id":"https:\/\/hirataxi.ch\/?page_id=236#breadcrumb","itemListElement":[{"@type":"ListItem","position":1,"name":"Anasayfa","item":"https:\/\/hirataxi.ch\/"},{"@type":"ListItem","position":2,"name":"Transport"}]},{"@type":"WebSite","@id":"https:\/\/hirataxi.ch\/#website","url":"https:\/\/hirataxi.ch\/","name":"Ihr Taxi-Unternehmen - Standort Aarau und Olten","description":"Hira Taxi Aarau schnell, zuverl&auml;ssig und professionell bringen wir Sie an Ihr Ziel. Nebst unserem 24h\/7 Taxidienst &uuml;bernehmen wir gerne auch Kurierfahrten f&uuml;r Sie.","publisher":{"@id":"https:\/\/hirataxi.ch\/#organization"},"potentialAction":[{"@type":"SearchAction","target":{"@type":"EntryPoint","urlTemplate":"https:\/\/hirataxi.ch\/?s={search_term_string}"},"query-input":{"@type":"PropertyValueSpecification","valueRequired":true,"valueName":"search_term_string"}}],"inLanguage":"tr"},{"@type":"Organization","@id":"https:\/\/hirataxi.ch\/#organization","name":"Ihr Taxi-Unternehmen - Standort Aarau und Olten","url":"https:\/\/hirataxi.ch\/","logo":{"@type":"ImageObject","inLanguage":"tr","@id":"https:\/\/hirataxi.ch\/#\/schema\/logo\/image\/","url":"https:\/\/hirataxi.ch\/wp-content\/uploads\/2021\/03\/logo-ufakhira.png","contentUrl":"https:\/\/hirataxi.ch\/wp-content\/uploads\/2021\/03\/logo-ufakhira.png","width":162,"height":46,"caption":"Ihr Taxi-Unternehmen - Standort Aarau und Olten"},"image":{"@id":"https:\/\/hirataxi.ch\/#\/schema\/logo\/image\/"}}]}},"_links":{"self":[{"href":"https:\/\/hirataxi.ch\/index.php?rest_route=\/wp\/v2\/pages\/236"}],"collection":[{"href":"https:\/\/hirataxi.ch\/index.php?rest_route=\/wp\/v2\/pages"}],"about":[{"href":"https:\/\/hirataxi.ch\/index.php?rest_route=\/wp\/v2\/types\/page"}],"author":[{"embeddable":true,"href":"https:\/\/hirataxi.ch\/index.php?rest_route=\/wp\/v2\/users\/1"}],"replies":[{"embeddable":true,"href":"https:\/\/hirataxi.ch\/index.php?rest_route=%2Fwp%2Fv2%2Fcomments&post=236"}],"version-history":[{"count":18,"href":"https:\/\/hirataxi.ch\/index.php?rest_route=\/wp\/v2\/pages\/236\/revisions"}],"predecessor-version":[{"id":1038,"href":"https:\/\/hirataxi.ch\/index.php?rest_route=\/wp\/v2\/pages\/236\/revisions\/1038"}],"wp:attachment":[{"href":"https:\/\/hirataxi.ch\/index.php?rest_route=%2Fwp%2Fv2%2Fmedia&parent=236"}],"curies":[{"name":"wp","href":"https:\/\/api.w.org\/{rel}","templated":true}]}}