{"id":219,"date":"2020-04-11T07:47:57","date_gmt":"2020-04-11T07:47:57","guid":{"rendered":"https:\/\/old3.commonsupport.com\/wp\/conexi\/?page_id=219"},"modified":"2024-06-05T12:37:55","modified_gmt":"2024-06-05T12:37:55","slug":"unber-uns","status":"publish","type":"page","link":"https:\/\/hirataxi.ch\/?page_id=219","title":{"rendered":"\u00dcber uns"},"content":{"rendered":"\t\t<div data-elementor-type=\"wp-page\" data-elementor-id=\"219\" class=\"elementor elementor-219\">\n\t\t\t\t\t\t<section class=\"elementor-section elementor-top-section elementor-element elementor-element-4575f8a0 elementor-section-stretched elementor-section-full_width elementor-section-height-default elementor-section-height-default\" data-id=\"4575f8a0\" data-element_type=\"section\" data-settings=\"{&quot;stretch_section&quot;:&quot;section-stretched&quot;}\">\n\t\t\t\t\t\t<div class=\"elementor-container elementor-column-gap-no\">\n\t\t\t\t\t<div class=\"elementor-column elementor-col-100 elementor-top-column elementor-element elementor-element-66d4125\" data-id=\"66d4125\" data-element_type=\"column\">\n\t\t\t<div class=\"elementor-widget-wrap elementor-element-populated\">\n\t\t\t\t\t\t<div class=\"elementor-element elementor-element-96b9a60 elementor-widget elementor-widget-conexi_about3\" data-id=\"96b9a60\" data-element_type=\"widget\" data-widget_type=\"conexi_about3.default\">\n\t\t\t\t<div class=\"elementor-widget-container\">\n\t\t\t\t\t\t\t\n\t\t\n\t\t<section class=\"about-style-two \">\n            <div class=\"container\">\n                <div class=\"row\">\n                    <div class=\"col-lg-6\">\n                        <div class=\"content-block\">\n                            <div class=\"block-title\">\n                                <div class=\"dot-line\"><\/div><!-- \/.dot-line -->\n                                <p>\u00dcBER UNS<\/p>\n                                <h2>Lernen Sie uns <br>\nkennen !<\/h2>\n                            <\/div><!-- \/.block-title text-center -->\n                            <p>Sie suchen nach einem erstklassigen Taxidienst? Erlauben Sie uns, uns vorzustellen. Wir sind die HiRA TAXi und unser Expertenteam steht Ihnen jederzeit zur Verf\u00fcgung. \nWir erf\u00fcllen Ihre Erwartungen nicht nur \u2013 wir \u00fcbertreffen sie. \nHiRA TAXi  bietet Transportdienstleistungen f\u00fcr den Raum Aarau G\u00f6sgen und Olten. Seit 2014 gibt unser Unternehmen alles, um das beste seiner Art zu sein. \n<\/p>\n                            <a href=\"tel:076%20577%2026%2033\" class=\"about-btn\">Taxi Rufen<\/a>\n                        <\/div><!-- \/.content-block -->\n                    <\/div><!-- \/.col-lg-6 -->\n                    <div class=\"col-lg-6\">\n                        <div class=\"hvr-float-shadow\">\n                            <div class=\"image-block\">\n                                <img decoding=\"async\" src=\"http:\/\/old3.commonsupport.com\/wp\/conexi\/wp-content\/uploads\/2020\/04\/about-1-1.jpg\" alt=\"Image\" \/>\n                                <div class=\"bubble-block\">\n                                    <div class=\"inner-block\">\n                                        <p>Zufriedenheit %\n<\/p>\n                                        <span class=\"counter\">100<\/span>\n                                    <\/div><!-- \/.inner-block -->\n                                <\/div><!-- \/.bubble-block -->\n                            <\/div><!-- \/.image-block -->\n                        <\/div><!-- \/.hvr-float-shadow -->\n                    <\/div><!-- \/.col-lg-6 -->\n                <\/div><!-- \/.row -->\n            <\/div><!-- \/.container -->\n        <\/section><!-- \/.about-style-two -->\n                   \n                \n\t\t\t\t\t\t<\/div>\n\t\t\t\t<\/div>\n\t\t\t\t\t<\/div>\n\t\t<\/div>\n\t\t\t\t\t<\/div>\n\t\t<\/section>\n\t\t\t\t<section class=\"elementor-section elementor-top-section elementor-element elementor-element-408e266 elementor-section-boxed elementor-section-height-default elementor-section-height-default\" data-id=\"408e266\" data-element_type=\"section\">\n\t\t\t\t\t\t<div class=\"elementor-container elementor-column-gap-default\">\n\t\t\t\t\t<div class=\"elementor-column elementor-col-100 elementor-top-column elementor-element elementor-element-90e96ea\" data-id=\"90e96ea\" data-element_type=\"column\">\n\t\t\t<div class=\"elementor-widget-wrap elementor-element-populated\">\n\t\t\t\t\t\t<div class=\"elementor-element elementor-element-28d9707 elementor-widget elementor-widget-text-editor\" data-id=\"28d9707\" data-element_type=\"widget\" data-widget_type=\"text-editor.default\">\n\t\t\t\t<div class=\"elementor-widget-container\">\n\t\t\t\t\t\t\t\t\t<p class=\"MsoNormal\" style=\"margin-bottom: 12pt; background-image: initial; background-position: initial; background-size: initial; background-repeat: initial; background-attachment: initial; background-origin: initial; background-clip: initial;\"><span lang=\"DE\" style=\"font-family:&quot;Arial&quot;,sans-serif;mso-fareast-font-family:\nArial;color:black;mso-themecolor:text1\">Unsere Fahrzeuge werden regelm\u00e4\u00dfig\ngewartet und bieten maximalen Komfort und Sicherheit. Unsere Fahrerinnen und\nFahrer helfen Ihnen beim Ein- und Aussteigen und beim Verladen des Gep\u00e4cks,\ndamit Ihre Fahrt mit uns v\u00f6llig stressfrei ist.<\/span><span lang=\"DE\"><o:p><\/o:p><\/span><\/p><p>\n\n<\/p><p class=\"MsoNormal\" style=\"margin-bottom: 12pt; background-image: initial; background-position: initial; background-size: initial; background-repeat: initial; background-attachment: initial; background-origin: initial; background-clip: initial;\"><span lang=\"DE\" style=\"font-family:&quot;Arial&quot;,sans-serif;mso-fareast-font-family:\nArial;color:black;mso-themecolor:text1\">Gehbehinderte Personen transportieren\nwir nat\u00fcrlich auch sehr gerne. Selbstverst\u00e4ndlich laden wir auch Rollatoren und\nzusammenklappbare Rollst\u00fchle in den Gep\u00e4ckraum. Mit verschiedenen Altersheimen\nund Kliniken unterst\u00fctzen wir mobilit\u00e4tsbehinderte Personen, damit auch sie am\nt\u00e4glichen Leben teilnehmen k\u00f6nnen.<o:p><\/o:p><\/span><\/p>\t\t\t\t\t\t\t\t<\/div>\n\t\t\t\t<\/div>\n\t\t\t\t\t<\/div>\n\t\t<\/div>\n\t\t\t\t\t<\/div>\n\t\t<\/section>\n\t\t\t\t<section class=\"elementor-section elementor-top-section elementor-element elementor-element-435d06e1 elementor-section-stretched elementor-section-full_width elementor-section-height-default elementor-section-height-default\" data-id=\"435d06e1\" data-element_type=\"section\" data-settings=\"{&quot;stretch_section&quot;:&quot;section-stretched&quot;}\">\n\t\t\t\t\t\t<div class=\"elementor-container elementor-column-gap-no\">\n\t\t\t\t\t<div class=\"elementor-column elementor-col-100 elementor-top-column elementor-element elementor-element-3d551600\" data-id=\"3d551600\" data-element_type=\"column\">\n\t\t\t<div class=\"elementor-widget-wrap elementor-element-populated\">\n\t\t\t\t\t\t<div class=\"elementor-element elementor-element-791cdd08 elementor-widget elementor-widget-conexi_service_icon\" data-id=\"791cdd08\" data-element_type=\"widget\" data-widget_type=\"conexi_service_icon.default\">\n\t\t\t\t<div class=\"elementor-widget-container\">\n\t\t\t\t\t\t\t\n\t\t\n\t\t<section class=\"feature-style-one thm-black-bg \">\n            <img decoding=\"async\" src=\"https:\/\/old3.commonsupport.com\/wp\/conexi\/wp-content\/uploads\/2020\/04\/feature-bg-1-1.png\" alt=\"Image\" class=\"feature-bg\" \/>\n            <div class=\"container\">\n                <div class=\"block-title text-center\">\n                    <div class=\"dot-line\"><\/div><!-- \/.dot-line -->\n                    <p>HiRA TAXi<\/p>\n                    <h2 class=\"light\">Warum wir?\n<\/h2>\n                <\/div><!-- \/.block-title text-center -->\n                <div class=\"row\">\n\t\t\t\t\n\t\t\t\t\t\t\t\t\t\n                    <div class=\"col-lg-4\">\n                        <div class=\"single-feature-one\">\n                            <div class=\"icon-block\">\n                                <i class=\"icon conexi-icon-insurance\"><\/i>\n                            <\/div><!-- \/.icon-block -->\n                            <h3><a href=\"\">Sicher und zuverl\u00e4ssig<\/a><\/h3>\n                            <p>Wir legen alles daran, dass Sie Ihr\nZiel p\u00fcnktlich und sicher erreichen.<\/p>\n                            <a href=\"\" class=\"more-link\"><\/a>\n                        <\/div><!-- \/.single-feature-one -->\n                    <\/div><!-- \/.col-lg-4 -->\n\t\t\t\t\t\n\t\t\t\t\t\t\t\t\t\n                    <div class=\"col-lg-4\">\n                        <div class=\"single-feature-one\">\n                            <div class=\"icon-block\">\n                                <i class=\"icon conexi-icon-seatbelt\"><\/i>\n                            <\/div><!-- \/.icon-block -->\n                            <h3><a href=\"\">Erfahrene Chauffeure<\/a><\/h3>\n                            <p>Mit unseren erfahrenen Chauffeuren betreuen wir die Region Aarau und Olten.\n\n<\/p>\n                            <a href=\"\" class=\"more-link\"><\/a>\n                        <\/div><!-- \/.single-feature-one -->\n                    <\/div><!-- \/.col-lg-4 -->\n\t\t\t\t\t\n\t\t\t\t\t\t\t\t\t\n                    <div class=\"col-lg-4\">\n                        <div class=\"single-feature-one\">\n                            <div class=\"icon-block\">\n                                <i class=\"icon conexi-icon-consent\"><\/i>\n                            <\/div><!-- \/.icon-block -->\n                            <h3><a href=\"\">Transporte und Entsorgung<\/a><\/h3>\n                            <p>Ganz egal was, wir helfen Ihnen beim Transport. Kontaktieren Sie uns.<\/p>\n                            <a href=\"\" class=\"more-link\"><\/a>\n                        <\/div><!-- \/.single-feature-one -->\n                    <\/div><!-- \/.col-lg-4 -->\n\t\t\t\t\t\n\t\t\t\t\t\t\t\t\t\t\n                <\/div><!-- \/.row -->\n            <\/div><!-- \/.container -->\n        <\/section><!-- \/.feature-style-one -->\n                   \n                \n\t\t\t\t\t\t<\/div>\n\t\t\t\t<\/div>\n\t\t\t\t\t<\/div>\n\t\t<\/div>\n\t\t\t\t\t<\/div>\n\t\t<\/section>\n\t\t\t\t<section class=\"elementor-section elementor-top-section elementor-element elementor-element-2d2e777f elementor-section-stretched elementor-section-full_width elementor-section-height-default elementor-section-height-default\" data-id=\"2d2e777f\" data-element_type=\"section\" data-settings=\"{&quot;stretch_section&quot;:&quot;section-stretched&quot;}\">\n\t\t\t\t\t\t<div class=\"elementor-container elementor-column-gap-no\">\n\t\t\t\t\t<div class=\"elementor-column elementor-col-100 elementor-top-column elementor-element elementor-element-159602ec\" data-id=\"159602ec\" data-element_type=\"column\">\n\t\t\t<div class=\"elementor-widget-wrap elementor-element-populated\">\n\t\t\t\t\t\t<div class=\"elementor-element elementor-element-41d02ea6 elementor-widget elementor-widget-conexi_cta2\" data-id=\"41d02ea6\" data-element_type=\"widget\" data-widget_type=\"conexi_cta2.default\">\n\t\t\t\t<div class=\"elementor-widget-container\">\n\t\t\t\t\t\t\t\n\t\t\n        <section class=\"cta-style-one text-center \">\n            <div class=\"container\">\n                <p>Wir sind 24\/7 f\u00fcr Sie da!<\/p>\n                <h3>Rufen Sie uns an!<\/h3>\n                <a href=\"https:\/\/api.whatsapp.com\/send?phone=41765772633\" class=\"cta-btn\">Jetzt Taxi bestellen<\/a>\n            <\/div><!-- \/.container -->\n        <\/section><!-- \/.cta-style-one -->\n                   \n                \n\t\t\t\t\t\t<\/div>\n\t\t\t\t<\/div>\n\t\t\t\t\t<\/div>\n\t\t<\/div>\n\t\t\t\t\t<\/div>\n\t\t<\/section>\n\t\t\t\t<\/div>\n\t\t","protected":false},"excerpt":{"rendered":"<p>\u00dcBER UNS Lernen Sie uns kennen ! Sie suchen nach einem erstklassigen Taxidienst? Erlauben Sie uns, uns vorzustellen. Wir sind die HiRA TAXi und unser Expertenteam steht Ihnen jederzeit zur Verf\u00fcgung. Wir erf\u00fcllen Ihre Erwartungen nicht nur \u2013 wir \u00fcbertreffen sie. HiRA TAXi bietet Transportdienstleistungen f\u00fcr den Raum Aarau G\u00f6sgen und Olten. Seit 2014 gibt [&hellip;]<\/p>\n","protected":false},"author":1,"featured_media":0,"parent":0,"menu_order":0,"comment_status":"closed","ping_status":"closed","template":"tpl-default-elementor.php","meta":{"footnotes":"","_joinchat":[]},"yoast_head":"<!-- This site is optimized with the Yoast SEO plugin v23.5 - https:\/\/yoast.com\/wordpress\/plugins\/seo\/ -->\n<title>\u00dcber uns - Ihr Taxi-Unternehmen - Standort Aarau und Olten<\/title>\n<meta name=\"robots\" content=\"index, follow, max-snippet:-1, max-image-preview:large, max-video-preview:-1\" \/>\n<link rel=\"canonical\" href=\"https:\/\/hirataxi.ch\/?page_id=219\" \/>\n<meta property=\"og:locale\" content=\"tr_TR\" \/>\n<meta property=\"og:type\" content=\"article\" \/>\n<meta property=\"og:title\" content=\"\u00dcber uns - Ihr Taxi-Unternehmen - Standort Aarau und Olten\" \/>\n<meta property=\"og:description\" content=\"\u00dcBER UNS Lernen Sie uns kennen ! Sie suchen nach einem erstklassigen Taxidienst? Erlauben Sie uns, uns vorzustellen. Wir sind die HiRA TAXi und unser Expertenteam steht Ihnen jederzeit zur Verf\u00fcgung. Wir erf\u00fcllen Ihre Erwartungen nicht nur \u2013 wir \u00fcbertreffen sie. HiRA TAXi bietet Transportdienstleistungen f\u00fcr den Raum Aarau G\u00f6sgen und Olten. Seit 2014 gibt [&hellip;]\" \/>\n<meta property=\"og:url\" content=\"https:\/\/hirataxi.ch\/?page_id=219\" \/>\n<meta property=\"og:site_name\" content=\"Ihr Taxi-Unternehmen - Standort Aarau und Olten\" \/>\n<meta property=\"article:modified_time\" content=\"2024-06-05T12:37:55+00:00\" \/>\n<meta property=\"og:image\" content=\"http:\/\/old3.commonsupport.com\/wp\/conexi\/wp-content\/uploads\/2020\/04\/about-1-1.jpg\" \/>\n<meta name=\"twitter:card\" content=\"summary_large_image\" \/>\n<meta name=\"twitter:label1\" content=\"Tahmini okuma s\u00fcresi\" \/>\n\t<meta name=\"twitter:data1\" content=\"2 dakika\" \/>\n<script type=\"application\/ld+json\" class=\"yoast-schema-graph\">{\"@context\":\"https:\/\/schema.org\",\"@graph\":[{\"@type\":\"WebPage\",\"@id\":\"https:\/\/hirataxi.ch\/?page_id=219\",\"url\":\"https:\/\/hirataxi.ch\/?page_id=219\",\"name\":\"\u00dcber uns - Ihr Taxi-Unternehmen - Standort Aarau und Olten\",\"isPartOf\":{\"@id\":\"https:\/\/hirataxi.ch\/#website\"},\"primaryImageOfPage\":{\"@id\":\"https:\/\/hirataxi.ch\/?page_id=219#primaryimage\"},\"image\":{\"@id\":\"https:\/\/hirataxi.ch\/?page_id=219#primaryimage\"},\"thumbnailUrl\":\"http:\/\/old3.commonsupport.com\/wp\/conexi\/wp-content\/uploads\/2020\/04\/about-1-1.jpg\",\"datePublished\":\"2020-04-11T07:47:57+00:00\",\"dateModified\":\"2024-06-05T12:37:55+00:00\",\"breadcrumb\":{\"@id\":\"https:\/\/hirataxi.ch\/?page_id=219#breadcrumb\"},\"inLanguage\":\"tr\",\"potentialAction\":[{\"@type\":\"ReadAction\",\"target\":[\"https:\/\/hirataxi.ch\/?page_id=219\"]}]},{\"@type\":\"ImageObject\",\"inLanguage\":\"tr\",\"@id\":\"https:\/\/hirataxi.ch\/?page_id=219#primaryimage\",\"url\":\"http:\/\/old3.commonsupport.com\/wp\/conexi\/wp-content\/uploads\/2020\/04\/about-1-1.jpg\",\"contentUrl\":\"http:\/\/old3.commonsupport.com\/wp\/conexi\/wp-content\/uploads\/2020\/04\/about-1-1.jpg\"},{\"@type\":\"BreadcrumbList\",\"@id\":\"https:\/\/hirataxi.ch\/?page_id=219#breadcrumb\",\"itemListElement\":[{\"@type\":\"ListItem\",\"position\":1,\"name\":\"Anasayfa\",\"item\":\"https:\/\/hirataxi.ch\/\"},{\"@type\":\"ListItem\",\"position\":2,\"name\":\"\u00dcber uns\"}]},{\"@type\":\"WebSite\",\"@id\":\"https:\/\/hirataxi.ch\/#website\",\"url\":\"https:\/\/hirataxi.ch\/\",\"name\":\"Ihr Taxi-Unternehmen - Standort Aarau und Olten\",\"description\":\"Hira Taxi Aarau schnell, zuverl&auml;ssig und professionell bringen wir Sie an Ihr Ziel. Nebst unserem 24h\/7 Taxidienst &uuml;bernehmen wir gerne auch Kurierfahrten f&uuml;r Sie.\",\"publisher\":{\"@id\":\"https:\/\/hirataxi.ch\/#organization\"},\"potentialAction\":[{\"@type\":\"SearchAction\",\"target\":{\"@type\":\"EntryPoint\",\"urlTemplate\":\"https:\/\/hirataxi.ch\/?s={search_term_string}\"},\"query-input\":{\"@type\":\"PropertyValueSpecification\",\"valueRequired\":true,\"valueName\":\"search_term_string\"}}],\"inLanguage\":\"tr\"},{\"@type\":\"Organization\",\"@id\":\"https:\/\/hirataxi.ch\/#organization\",\"name\":\"Ihr Taxi-Unternehmen - Standort Aarau und Olten\",\"url\":\"https:\/\/hirataxi.ch\/\",\"logo\":{\"@type\":\"ImageObject\",\"inLanguage\":\"tr\",\"@id\":\"https:\/\/hirataxi.ch\/#\/schema\/logo\/image\/\",\"url\":\"https:\/\/hirataxi.ch\/wp-content\/uploads\/2021\/03\/logo-ufakhira.png\",\"contentUrl\":\"https:\/\/hirataxi.ch\/wp-content\/uploads\/2021\/03\/logo-ufakhira.png\",\"width\":162,\"height\":46,\"caption\":\"Ihr Taxi-Unternehmen - Standort Aarau und Olten\"},\"image\":{\"@id\":\"https:\/\/hirataxi.ch\/#\/schema\/logo\/image\/\"}}]}<\/script>\n<!-- \/ Yoast SEO plugin. -->","yoast_head_json":{"title":"\u00dcber uns - Ihr Taxi-Unternehmen - Standort Aarau und Olten","robots":{"index":"index","follow":"follow","max-snippet":"max-snippet:-1","max-image-preview":"max-image-preview:large","max-video-preview":"max-video-preview:-1"},"canonical":"https:\/\/hirataxi.ch\/?page_id=219","og_locale":"tr_TR","og_type":"article","og_title":"\u00dcber uns - Ihr Taxi-Unternehmen - Standort Aarau und Olten","og_description":"\u00dcBER UNS Lernen Sie uns kennen ! Sie suchen nach einem erstklassigen Taxidienst? Erlauben Sie uns, uns vorzustellen. Wir sind die HiRA TAXi und unser Expertenteam steht Ihnen jederzeit zur Verf\u00fcgung. Wir erf\u00fcllen Ihre Erwartungen nicht nur \u2013 wir \u00fcbertreffen sie. HiRA TAXi bietet Transportdienstleistungen f\u00fcr den Raum Aarau G\u00f6sgen und Olten. Seit 2014 gibt [&hellip;]","og_url":"https:\/\/hirataxi.ch\/?page_id=219","og_site_name":"Ihr Taxi-Unternehmen - Standort Aarau und Olten","article_modified_time":"2024-06-05T12:37:55+00:00","og_image":[{"url":"http:\/\/old3.commonsupport.com\/wp\/conexi\/wp-content\/uploads\/2020\/04\/about-1-1.jpg"}],"twitter_card":"summary_large_image","twitter_misc":{"Tahmini okuma s\u00fcresi":"2 dakika"},"schema":{"@context":"https:\/\/schema.org","@graph":[{"@type":"WebPage","@id":"https:\/\/hirataxi.ch\/?page_id=219","url":"https:\/\/hirataxi.ch\/?page_id=219","name":"\u00dcber uns - Ihr Taxi-Unternehmen - Standort Aarau und Olten","isPartOf":{"@id":"https:\/\/hirataxi.ch\/#website"},"primaryImageOfPage":{"@id":"https:\/\/hirataxi.ch\/?page_id=219#primaryimage"},"image":{"@id":"https:\/\/hirataxi.ch\/?page_id=219#primaryimage"},"thumbnailUrl":"http:\/\/old3.commonsupport.com\/wp\/conexi\/wp-content\/uploads\/2020\/04\/about-1-1.jpg","datePublished":"2020-04-11T07:47:57+00:00","dateModified":"2024-06-05T12:37:55+00:00","breadcrumb":{"@id":"https:\/\/hirataxi.ch\/?page_id=219#breadcrumb"},"inLanguage":"tr","potentialAction":[{"@type":"ReadAction","target":["https:\/\/hirataxi.ch\/?page_id=219"]}]},{"@type":"ImageObject","inLanguage":"tr","@id":"https:\/\/hirataxi.ch\/?page_id=219#primaryimage","url":"http:\/\/old3.commonsupport.com\/wp\/conexi\/wp-content\/uploads\/2020\/04\/about-1-1.jpg","contentUrl":"http:\/\/old3.commonsupport.com\/wp\/conexi\/wp-content\/uploads\/2020\/04\/about-1-1.jpg"},{"@type":"BreadcrumbList","@id":"https:\/\/hirataxi.ch\/?page_id=219#breadcrumb","itemListElement":[{"@type":"ListItem","position":1,"name":"Anasayfa","item":"https:\/\/hirataxi.ch\/"},{"@type":"ListItem","position":2,"name":"\u00dcber uns"}]},{"@type":"WebSite","@id":"https:\/\/hirataxi.ch\/#website","url":"https:\/\/hirataxi.ch\/","name":"Ihr Taxi-Unternehmen - Standort Aarau und Olten","description":"Hira Taxi Aarau schnell, zuverl&auml;ssig und professionell bringen wir Sie an Ihr Ziel. Nebst unserem 24h\/7 Taxidienst &uuml;bernehmen wir gerne auch Kurierfahrten f&uuml;r Sie.","publisher":{"@id":"https:\/\/hirataxi.ch\/#organization"},"potentialAction":[{"@type":"SearchAction","target":{"@type":"EntryPoint","urlTemplate":"https:\/\/hirataxi.ch\/?s={search_term_string}"},"query-input":{"@type":"PropertyValueSpecification","valueRequired":true,"valueName":"search_term_string"}}],"inLanguage":"tr"},{"@type":"Organization","@id":"https:\/\/hirataxi.ch\/#organization","name":"Ihr Taxi-Unternehmen - Standort Aarau und Olten","url":"https:\/\/hirataxi.ch\/","logo":{"@type":"ImageObject","inLanguage":"tr","@id":"https:\/\/hirataxi.ch\/#\/schema\/logo\/image\/","url":"https:\/\/hirataxi.ch\/wp-content\/uploads\/2021\/03\/logo-ufakhira.png","contentUrl":"https:\/\/hirataxi.ch\/wp-content\/uploads\/2021\/03\/logo-ufakhira.png","width":162,"height":46,"caption":"Ihr Taxi-Unternehmen - Standort Aarau und Olten"},"image":{"@id":"https:\/\/hirataxi.ch\/#\/schema\/logo\/image\/"}}]}},"_links":{"self":[{"href":"https:\/\/hirataxi.ch\/index.php?rest_route=\/wp\/v2\/pages\/219"}],"collection":[{"href":"https:\/\/hirataxi.ch\/index.php?rest_route=\/wp\/v2\/pages"}],"about":[{"href":"https:\/\/hirataxi.ch\/index.php?rest_route=\/wp\/v2\/types\/page"}],"author":[{"embeddable":true,"href":"https:\/\/hirataxi.ch\/index.php?rest_route=\/wp\/v2\/users\/1"}],"replies":[{"embeddable":true,"href":"https:\/\/hirataxi.ch\/index.php?rest_route=%2Fwp%2Fv2%2Fcomments&post=219"}],"version-history":[{"count":15,"href":"https:\/\/hirataxi.ch\/index.php?rest_route=\/wp\/v2\/pages\/219\/revisions"}],"predecessor-version":[{"id":931,"href":"https:\/\/hirataxi.ch\/index.php?rest_route=\/wp\/v2\/pages\/219\/revisions\/931"}],"wp:attachment":[{"href":"https:\/\/hirataxi.ch\/index.php?rest_route=%2Fwp%2Fv2%2Fmedia&parent=219"}],"curies":[{"name":"wp","href":"https:\/\/api.w.org\/{rel}","templated":true}]}}